{"id":176,"date":"2022-08-23T12:28:22","date_gmt":"2022-08-23T10:28:22","guid":{"rendered":"http:\/\/janhomola"},"modified":"2022-12-12T10:19:09","modified_gmt":"2022-12-12T09:19:09","slug":"privacy-policy","status":"publish","type":"page","link":"https:\/\/www.auware.hu\/hu\/privacy-policy\/","title":{"rendered":"Adatv\u00e9delmi politika"},"content":{"rendered":"<p>A weboldalunk l\u00e1togat\u00f3jak\u00e9nt \u00d6n \u00e1ltal megadott szem\u00e9lyes adatokat az alkalmazand\u00f3 adatv\u00e9delmi jogszab\u00e1lyoknak megfelel\u0151en, az Eur\u00f3pai Parlament \u00e9s Tan\u00e1cs (EU) 2016\/679 sz., a term\u00e9szetes szem\u00e9lyeknek a szem\u00e9lyes adatok kezel\u00e9se tekintet\u00e9ben t\u00f6rt\u00e9n\u0151 v\u00e9delm\u00e9r\u0151l sz\u00f3l\u00f3 rendelet (a tov\u00e1bbiakban \u201eRendelet\u201d) \u00e9rtelm\u00e9ben \u00e9s a szem\u00e9lyes adatok kezel\u00e9s\u00e9re vonatkoz\u00f3 helyi jogszab\u00e1lyoknak (a tov\u00e1bbiakban \"T\u00f6rv\u00e9ny\") megfelel\u0151en kezelj\u00fck.<\/p>\r\n<p><strong>A szem\u00e9lyes adat fogalma<\/strong><\/p>\r\n<p>A szem\u00e9lyes adatoknak nevez\u00fcnk olyan term\u00e9szetes szem\u00e9lyre vonatkoz\u00f3 inform\u00e1ci\u00f3kat, mint a vezet\u00e9k- \u00e9s keresztn\u00e9v, telefonsz\u00e1m, e-mail c\u00edm, lakc\u00edm ill. IP-c\u00edm.<\/p>\r\n<p><strong>Szem\u00e9lyes adatok kezel\u0151je<\/strong><\/p>\r\n<p>Az \u00d6n \u00e1ltal a weboldalunkon kereszt\u00fcl hozz\u00e1nk tov\u00e1bb\u00edtott szem\u00e9lyes adatok kezel\u0151je az Auware Engineering Kft., sz\u00e9khely: H-2142 Nagytarcsa, Fels\u0151 Ipari k\u00f6r\u00fat 2\/F \"B\" \u00e9p\u00fclet.\nSzem\u00e9lyes adatait az itt le\u00edrt felt\u00e9teleknek megfelel\u0151en kezelj\u00fck.<\/p>\r\n<p><strong>A kezelt szem\u00e9lyes adatok k\u00f6re<\/strong><\/p>\r\n<p>A weboldalunk \u00d6n \u00e1ltal t\u00f6rt\u00e9n\u0151 haszn\u00e1lat\u00e1val kapcsolatban a k\u00f6vetkez\u0151 szem\u00e9lyes adatokat kezelhetj\u00fck:<\/p>\r\n<ul>\r\n<li>az \u00d6n \u00e1ltal a kapcsolatfelv\u00e9teli \u0171rlapok valamelyik\u00e9n megadott szem\u00e9lyes adatok (pl. vezet\u00e9k- \u00e9s keresztn\u00e9v, telefonsz\u00e1m, e-mail c\u00edm),<\/li>\r\n<li>a weboldalunk el\u00e9r\u00e9s\u00e9hez haszn\u00e1lt berendez\u00e9s IP-c\u00edme,<\/li>\r\n<li>s\u00fctik \u00e9s m\u00e1s automatikus azonos\u00edt\u00f3k seg\u00edts\u00e9g\u00e9vel gy\u0171jt\u00f6tt adatok (pl. \u00e1ltal\u00e1nos m\u0171szaki inform\u00e1ci\u00f3k az \u00d6n \u00e1ltal haszn\u00e1lt b\u00f6ng\u00e9sz\u0151r\u0151l, oper\u00e1ci\u00f3s rendszerr\u0151l, k\u00e9perny\u0151felbont\u00e1sr\u00f3l, geolok\u00e1ci\u00f3s adatok stb.).<br \/><br \/><\/li>\r\n<\/ul>\r\n<p><strong>A szem\u00e9lyes adatok kezel\u00e9s\u00e9nek c\u00e9lja<\/strong><\/p>\r\n<p>Az \u00d6n \u00e9s c\u00e9g\u00fcnk k\u00f6z\u00f6tti kapcsolat f\u00fcggv\u00e9ny\u00e9ben szem\u00e9lyes adatait a kapcsolatnak megfelel\u0151 adatkezel\u00e9si c\u00e9lb\u00f3l dolgozzuk fel:<\/p>\r\n<ul>\r\n<li>Amennyiben \u00d6n weboldalunk l\u00e1togat\u00f3ja, szem\u00e9lyes adatait \u00fan. jogos \u00e9rdekek alapj\u00e1n (interneten kereszt\u00fcl t\u00f6rt\u00e9n\u0151 adat\u00e1tvitel, az \u00d6n \u00e1ltal kifejezetten k\u00e9rt inform\u00e1ci\u00f3s szolg\u00e1ltat\u00e1s biztos\u00edt\u00e1sa) vagy az \u00d6n hozz\u00e1j\u00e1rul\u00e1sa alapj\u00e1n (forgalom elemz\u00e9se) kezelj\u00fck.<\/li>\r\n<li>Amennyiben \u00d6n \u00fcgyfel\u00fcnk vagy \u00fczleti partner\u00fcnk, szem\u00e9lyes adatait szerz\u0151d\u00e9s teljes\u00edt\u00e9se vagy szerz\u0151d\u00e9sk\u00f6t\u00e9st megel\u0151z\u0151 int\u00e9zked\u00e9sek elfogad\u00e1sa alapj\u00e1n, jogi k\u00f6telezetts\u00e9g teljes\u00edt\u00e9se ill. jogos \u00e9rdekek vagy hozz\u00e1j\u00e1rul\u00e1s alapj\u00e1n kezelj\u00fck.<br \/><br \/><\/li>\r\n<\/ul>\r\n<p><strong>Szem\u00e9lyes adatok forr\u00e1sai<\/strong><\/p>\r\n<p>Az \u00e1ltalunk kezelt adatokat k\u00f6zvetlen\u00fcl \u00d6nt\u0151l szerezz\u00fck weboldalunkra t\u00f6rt\u00e9n\u0151 l\u00e1togat\u00e1sa \u00e9s az online kapcsolatfelv\u00e9teli \u0171rlapjaink kit\u00f6lt\u00e9se sor\u00e1n. \u00d6n \u00f6nsz\u00e1nt\u00e1b\u00f3l adja meg nek\u00fcnk szem\u00e9lyes adatait.<\/p>\r\n<p><strong>Ki f\u00e9r hozz\u00e1 a szem\u00e9lyes adatokhoz<\/strong><\/p>\r\n<p>Szem\u00e9lyes adatainak v\u00e9delme fontos sz\u00e1munkra, \u00e9s csak azok a partnereink f\u00e9rhetnek hozz\u00e1, akikkel adatfeldolgoz\u00e1si meg\u00e1llapod\u00e1st k\u00f6t\u00f6tt\u00fcnk. F\u0151k\u00e9nt olyan szolg\u00e1ltat\u00f3kr\u00f3l van sz\u00f3, akiket \u00fcgyfeleinknek \u00e9s \u00fczleti partnereinknek ny\u00fajtand\u00f3 szolg\u00e1ltat\u00e1sok biztos\u00edt\u00e1s\u00e1ra haszn\u00e1lunk. Bizonyos felt\u00e9telek mellett az alkalmazand\u00f3 jog megk\u00f6veteli, hogy az \u00d6n szem\u00e9lyes adatainak egy r\u00e9sz\u00e9t tov\u00e1bb\u00edtsuk k\u00f6zigazgat\u00e1si szerveknek, mint p\u00e9ld\u00e1ul a rend\u0151rs\u00e9g vagy b\u0171n\u00fcld\u00f6z\u0151 hat\u00f3s\u00e1gok, melyek az \u00d6n szem\u00e9lyes adatait \u00f6n\u00e1ll\u00f3 adatkezel\u0151k\u00e9nt kezelik.<\/p>\r\n<p><strong>A szem\u00e9lyes adatok kezel\u00e9s\u00e9nek id\u0151tartama<\/strong><\/p>\r\n<p>Az \u00d6n \u00e1ltal megadott szem\u00e9lyes adatokat a feldolgoz\u00e1s c\u00e9lj\u00e1hoz felt\u00e9tlen\u00fcl sz\u00fcks\u00e9ges ideig kezelj\u00fck. Amennyiben \u00d6n hozz\u00e1j\u00e1rul\u00e1s\u00e1t adja szem\u00e9lyes adatainak feldolgoz\u00e1s\u00e1hoz, akkor azokat addig kezelhetj\u00fck, am\u00edg \u00d6n hozz\u00e1j\u00e1rul\u00e1s\u00e1t vissza nem vonja.<\/p>\r\n<p><strong>Szem\u00e9lyes adatok v\u00e9delme<\/strong><\/p>\r\n<p>A szem\u00e9lyes adatok feldolgoz\u00e1s\u00e1t szabv\u00e1nyos m\u00f3dszerekkel \u00e9s technol\u00f3gi\u00e1kkal v\u00e9dj\u00fck, hogy harmadik felek jogosulatlanul ne f\u00e9rhessenek azokhoz. Gondoskodunk biztons\u00e1gi rendszereink rendszeres friss\u00edt\u00e9s\u00e9r\u0151l. Ugyanakkor weboldalunk felhaszn\u00e1l\u00f3jak\u00e9nt szeretn\u00e9nk felh\u00edvni a figyelm\u00e9t arra, hogy online k\u00f6rnyezetben minden er\u0151fesz\u00edt\u00e9s ellen\u00e9re sem lehet 100%-os biztons\u00e1got garant\u00e1lni az inform\u00e1ci\u00f3k, \u00edgy az \u00d6n szem\u00e9lyes adatainak tov\u00e1bb\u00edt\u00e1sa sor\u00e1n.<\/p>\r\n<p><strong>Az \u00d6n adatv\u00e9delmi jogai<\/strong><\/p>\r\n<p>Szem\u00e9lyes adatainak kezel\u00e9s\u00e9vel kapcsolatban \u00d6nt az al\u00e1bbi jogok illetik meg, amelyeket hozz\u00e1nk, mint az \u00d6n szem\u00e9lyes adatainak kezel\u0151j\u00e9hez beny\u00fajtott k\u00e9rv\u00e9ny form\u00e1j\u00e1ban \u00e9rv\u00e9nyes\u00edthet,  amely alapj\u00e1n, ha k\u00e9r\u00e9s\u00e9t jogosnak \u00edt\u00e9lj\u00fck, indokolatlan k\u00e9sedelem n\u00e9lk\u00fcl - legk\u00e9s\u0151bb 4 napt\u00e1ri h\u00e9ten bel\u00fcl - megtessz\u00fck a sz\u00fcks\u00e9ges int\u00e9zked\u00e9seket. Annak \u00e9rdek\u00e9ben, hogy megakad\u00e1lyozzuk, hogy illet\u00e9ktelen szem\u00e9lyek az \u00d6n szem\u00e9lyes adataival vissza\u00e9ljenek, k\u00e9relm\u00e9nek elb\u00edr\u00e1l\u00e1s\u00e1hoz a megfelel\u0151 form\u00e1ban k\u00e9rhetj\u00fck szem\u00e9lyazonoss\u00e1g\u00e1nak igazol\u00e1s\u00e1t. \u00d6nnek joga van a t\u00e1j\u00e9koztat\u00e1shoz, szem\u00e9lyes adataihoz val\u00f3 hozz\u00e1f\u00e9r\u00e9shez, azok helyesb\u00edt\u00e9shez vagy t\u00f6rl\u00e9shez, az adatkezel\u00e9s korl\u00e1toz\u00e1s\u00e1hoz, az adathordozhat\u00f3s\u00e1ghoz, hozz\u00e1j\u00e1rul\u00e1s\u00e1nak visszavon\u00e1s\u00e1hoz, a tiltakoz\u00e1shoz, jogorvoslat k\u00e9r\u00e9s\u00e9hez \u00e9s az illet\u00e9kes hat\u00f3s\u00e1gn\u00e1l t\u00f6rt\u00e9n\u0151 panaszt\u00e9telhez. Jogair\u00f3l r\u00e9szletes t\u00e1j\u00e9koztat\u00e1st a vonatkoz\u00f3 jogszab\u00e1lyok tartalmaznak.<\/p>","protected":false},"excerpt":{"rendered":"<p>We process the personal data that you provide to us as visitors to our website in accordance with the applicable data protection legislation, with regard to EU regulation. Definition of personal data Personal data is information about a natural person, such as name and surname, telephone number, e-mail address, postal address or IP address. Personal [&hellip;]<\/p>","protected":false},"author":2,"featured_media":0,"parent":0,"menu_order":0,"comment_status":"closed","ping_status":"closed","template":"","meta":{"footnotes":""},"class_list":["post-176","page","type-page","status-publish","hentry"],"_links":{"self":[{"href":"https:\/\/www.auware.hu\/hu\/wp-json\/wp\/v2\/pages\/176","targetHints":{"allow":["GET"]}}],"collection":[{"href":"https:\/\/www.auware.hu\/hu\/wp-json\/wp\/v2\/pages"}],"about":[{"href":"https:\/\/www.auware.hu\/hu\/wp-json\/wp\/v2\/types\/page"}],"author":[{"embeddable":true,"href":"https:\/\/www.auware.hu\/hu\/wp-json\/wp\/v2\/users\/2"}],"replies":[{"embeddable":true,"href":"https:\/\/www.auware.hu\/hu\/wp-json\/wp\/v2\/comments?post=176"}],"version-history":[{"count":5,"href":"https:\/\/www.auware.hu\/hu\/wp-json\/wp\/v2\/pages\/176\/revisions"}],"predecessor-version":[{"id":2027,"href":"https:\/\/www.auware.hu\/hu\/wp-json\/wp\/v2\/pages\/176\/revisions\/2027"}],"wp:attachment":[{"href":"https:\/\/www.auware.hu\/hu\/wp-json\/wp\/v2\/media?parent=176"}],"curies":[{"name":"wp","href":"https:\/\/api.w.org\/{rel}","templated":true}]}}