{"id":174,"date":"2022-08-23T12:28:22","date_gmt":"2022-08-23T10:28:22","guid":{"rendered":"http:\/\/janhomola"},"modified":"2022-12-12T16:51:26","modified_gmt":"2022-12-12T15:51:26","slug":"cookies","status":"publish","type":"page","link":"https:\/\/www.auware.hu\/hu\/cookies\/","title":{"rendered":"S\u00fcti szab\u00e1lyzat"},"content":{"rendered":"<p>Ez a S\u00fcti szab\u00e1lyzat utolj\u00e1ra 2022. november 30-\u00e1n ker\u00fclt friss\u00edt\u00e9sre, \u00e9s az Eur\u00f3pai Gazdas\u00e1gi T\u00e9rs\u00e9g valamint Sv\u00e1jc \u00e1llampolg\u00e1raira \u00e9s leteleped\u00e9si enged\u00e9llyel rendelkez\u0151 lakosaira vonatkozik.<\/p>\n<h3>1. Bevezet\u00e9s<\/h3>\n<p>A www.auware.hu weboldalunk (a tov\u00e1bbiakban \"Weboldal\") s\u00fctiket \u00e9s egy\u00e9b kapcsol\u00f3d\u00f3 technol\u00f3gi\u00e1kat haszn\u00e1l (az egyszer\u0171s\u00e9g kedv\u00e9\u00e9rt az \u00f6sszes technol\u00f3gi\u00e1ra \"s\u00fctik\u00e9nt\" hivatkozunk). A s\u00fcti f\u00e1jlokat olyan harmadik felek is haszn\u00e1lj\u00e1k, akiknek technol\u00f3gi\u00e1j\u00e1t a weboldalunkon alkalmazzuk. Ebben a dokumentumban t\u00e1j\u00e9koztatjuk \u00d6nt a s\u00fctik weboldalunkon t\u00f6rt\u00e9n\u0151 haszn\u00e1lat\u00e1r\u00f3l.<\/p>\n<h3>2. Mik azok a s\u00fctik?<\/h3>\n<p>A s\u00fcti egy kis sz\u00f6veges f\u00e1jl, ami a honlap oldalaival egy\u00fctt ker\u00fcl elk\u00fcld\u00e9sre, \u00e9s amit az \u00d6n b\u00f6ng\u00e9sz\u0151je t\u00e1rol sz\u00e1m\u00edt\u00f3g\u00e9p\u00e9nek vagy egy\u00e9b berendez\u00e9s\u00e9nek merevlemez\u00e9n, melyr\u0151l a weboldalunkat megnyitja. Az ebben t\u00e1rolt inform\u00e1ci\u00f3k a k\u00f6vetkez\u0151 l\u00e1togat\u00e1skor visszaker\u00fclnek a szervereinkre vagy az \u00e9rintett harmadik felek szervereire.<\/p>\n<h3>3. Mik azok a szkriptek?<\/h3>\n<p>A szkript egy olyan programoz\u00e1si k\u00f3dr\u00e9szlet, ami weboldalunk megfelel\u0151 \u00e9s interakt\u00edv m\u0171k\u00f6d\u00e9s\u00e9hez szolg\u00e1l. Ez a k\u00f3d a szerver\u00fcnk\u00f6n vagy az \u00d6n berendez\u00e9s\u00e9n fut.<\/p>\n<h3>4. S\u00fctik<\/h3>\n<p><strong>4.1 Technikai vagy funkcion\u00e1lis s\u00fctik<\/strong><\/p>\n<p>Bizonyos s\u00fctik a weboldal egyes r\u00e9szeinek megfelel\u0151 m\u0171k\u00f6d\u00e9s\u00e9t biztos\u00edtj\u00e1k, valamint azt, hogy az \u00d6n felhaszn\u00e1l\u00f3i preferenci\u00e1i megmaradjanak. A funkcion\u00e1lis s\u00fctik elhelyez\u00e9s\u00e9vel megk\u00f6nny\u00edtj\u00fck \u00d6nnek weboldalunk megl\u00e1togat\u00e1s\u00e1t. Ezeket a s\u00fctiket az \u00d6n hozz\u00e1j\u00e1rul\u00e1sa n\u00e9lk\u00fcl is haszn\u00e1lhatjuk.<\/p>\n<p><strong>4.2 Statisztikai s\u00fctik<\/strong><\/p>\n<p>Statisztikai s\u00fctiket haszn\u00e1lunk, hogy optimaliz\u00e1ljuk a honlapot felhaszn\u00e1l\u00f3ink sz\u00e1m\u00e1ra. Ezen statisztikai s\u00fctik seg\u00edts\u00e9g\u00e9vel betekint\u00e9st nyer\u00fcnk forgalomelemz\u00e9s c\u00e9lj\u00e1b\u00f3l weboldalunk haszn\u00e1lat\u00e1ba. A statisztikai s\u00fctik elhelyez\u00e9s\u00e9hez hozz\u00e1j\u00e1rul\u00e1s\u00e1t k\u00e9rj\u00fck.<\/p>\n<p><strong>4.3 Marketing s\u00fctik<\/strong><\/p>\n<p>A marketing (avagy nyomk\u00f6vet\u0151) s\u00fctiket arra haszn\u00e1ljuk, hogy felhaszn\u00e1l\u00f3i profilokat hozzunk l\u00e9tre rekl\u00e1mok megjelen\u00edt\u00e9s\u00e9hez, ill. hogy marketingc\u00e9lokb\u00f3l nyomon k\u00f6vess\u00fck a felhaszn\u00e1l\u00f3kat a weboldalon.<\/p>\n<h3>5. Hozz\u00e1j\u00e1rul\u00e1s<\/h3>\n<p>Weboldalunkra t\u00f6rt\u00e9n\u0151 els\u0151 l\u00e1togat\u00e1sa sor\u00e1n egy felugr\u00f3 ablakot l\u00e1t, amely a s\u00fctikr\u0151l t\u00e1j\u00e9koztatja \u00d6nt. Az \"\u00d6sszes elfogad\u00e1sa\" gombra kattintva \u00d6n elfogadja az \u00f6sszes alkalmazott s\u00fcti haszn\u00e1lat\u00e1t. A \"Be\u00e1ll\u00edt\u00e1sok\" gombra kattintva lehet\u0151s\u00e9ge van kiv\u00e1lasztani, hogy mely s\u00fctiket szeretn\u00e9 enged\u00e9lyezni vagy letiltani. Az \"\u00d6sszes elfogad\u00e1sa\" vagy a \"Ment\u00e9s\" gombra kattintva hozz\u00e1j\u00e1rul a megfelel\u0151 kateg\u00f3ri\u00e1j\u00fa s\u00fctik haszn\u00e1lat\u00e1hoz. A b\u00f6ng\u00e9sz\u0151je seg\u00edts\u00e9g\u00e9vel letilthatja a s\u00fctik haszn\u00e1lat\u00e1t, de k\u00e9rj\u00fck, vegye figyelembe, hogy weboldalunk nem fog megfelel\u0151en m\u0171k\u00f6dni.<\/p>\n<h3>6. A s\u00fctik enged\u00e9lyez\u00e9se\/letilt\u00e1sa \u00e9s elt\u00e1vol\u00edt\u00e1sa<\/h3>\n<p>B\u00f6ng\u00e9sz\u0151je seg\u00edts\u00e9g\u00e9vel a s\u00fctiket automatikusan vagy manu\u00e1lisan is t\u00f6r\u00f6lheti. Azt is be\u00e1ll\u00edthatja, hogy bizonyos s\u00fctiket ne lehessen t\u00e1rolni. Tov\u00e1bbi lehet\u0151s\u00e9g a b\u00f6ng\u00e9sz\u0151 be\u00e1ll\u00edt\u00e1sainak megv\u00e1ltoztat\u00e1sa, hogy minden egyes s\u00fcti elhelyez\u00e9sekor \u00fczenetet kapjon. Tov\u00e1bbi inform\u00e1ci\u00f3kat ezekr\u0151l a lehet\u0151s\u00e9gekr\u0151l a b\u00f6ng\u00e9sz\u0151je s\u00fag\u00f3j\u00e1ban l\u00e9v\u0151 utas\u00edt\u00e1sok k\u00f6zt tal\u00e1l. Felh\u00edvjuk figyelm\u00e9t, hogy weboldalunk nem fog megfelel\u0151en m\u0171k\u00f6dni, ha minden s\u00fctit letilt. Ha t\u00f6rli a s\u00fctiket b\u00f6ng\u00e9sz\u0151j\u00e9b\u0151l, azok az \u00d6n hozz\u00e1j\u00e1rul\u00e1s\u00e1val \u00fajra elhelyez\u00e9sre ker\u00fclnek, mikor legk\u00f6zelebb a weboldalunkra l\u00e1togat.<\/p>\n<h3>7. Az \u00d6n adatv\u00e9delelmre vonatkoz\u00f3 jogai<\/h3>\n<p>Szem\u00e9lyes adataival kapcsolatban az al\u00e1bbi jogokkal rendelkezik:<\/p>\n<ul>\n<li>\u00d6nnek joga van tudni, hogy mi\u00e9rt van sz\u00fcks\u00e9g szem\u00e9lyes adataira, mi t\u00f6rt\u00e9nik azokkal, \u00e9s mennyi ideig t\u00e1roljuk azokat.<\/li>\n<li>A szem\u00e9lyes adatokhoz val\u00f3 hozz\u00e1f\u00e9r\u00e9s joga: \u00d6nnek joga van az \u00e1ltalunk ismert szem\u00e9lyes adataihoz val\u00f3 hozz\u00e1f\u00e9r\u00e9sre.<\/li>\n<li>A helyesb\u00edt\u00e9shez val\u00f3 jog: \u00d6nnek b\u00e1rmikor joga van szem\u00e9lyes adatainak kieg\u00e9sz\u00edt\u00e9s\u00e9hez, helyesb\u00edt\u00e9s\u00e9hez, t\u00f6rl\u00e9s\u00e9hez vagy z\u00e1rol\u00e1s\u00e1hoz.<\/li>\n<li>Amennyiben \u00d6n hozz\u00e1j\u00e1rul\u00e1s\u00e1t adta adatai feldolgoz\u00e1s\u00e1hoz, joga van ezen hozz\u00e1j\u00e1rul\u00e1s visszavon\u00e1s\u00e1ra, \u00e9s szem\u00e9lyes adatainak kit\u00f6r\u00f6ltet\u00e9s\u00e9re.<\/li>\n<li>Adat\u00e1tviteli jog: \u00d6n jogosult arra, hogy az adatkezel\u0151t\u0151l k\u00e9rje valamennyi szem\u00e9lyes adat\u00e1t, \u00e9s azokat teljes eg\u00e9sz\u00e9ben tov\u00e1bb\u00edtsa egy m\u00e1sik adatkezel\u0151nek.<\/li>\n<li>Tiltakoz\u00e1si jog: \u00d6n tiltakozhat adatai feldolgoz\u00e1sa ellen. Ennek eleget tesz\u00fcnk, amennyiben az adatkezel\u00e9snek nincsenek jogos okai.<\/li>\n<\/ul>\n<p>&nbsp;<\/p>\n<p>Ezen jogok gyakorl\u00e1s\u00e1hoz k\u00e9rj\u00fck, vegye fel vel\u00fcnk a kapcsolatot. El\u00e9rhet\u0151s\u00e9geink a S\u00fcti szab\u00e1lyzat alj\u00e1n tal\u00e1lhat\u00f3k. Amennyiben adatkezel\u00e9ssel kapcsolatos panaszai lenn\u00e9nek, \u00f6r\u00fclni fogunk, ha felveszi vel\u00fcnk a kapcsolatot, \u00e1m joga van panaszt tenni a fel\u00fcgyeleti hat\u00f3s\u00e1gn\u00e1l (az adatv\u00e9delmi hat\u00f3s\u00e1gn\u00e1l) is.<\/p>\n<h3>8. Kapcsolattart\u00e1si adatok<\/h3>\n<p>S\u00fcti szab\u00e1lyzatunkkal ill. a jelen nyilatkozattal kapcsolatos k\u00e9rd\u00e9sek \u00e9s\/vagy \u00e9szrev\u00e9telek eset\u00e9n k\u00e9rj\u00fck, l\u00e9pjen kapcsolatba vel\u00fcnk az al\u00e1bbi el\u00e9rhet\u0151s\u00e9geken:<\/p>\n<p>Antra ID Kft.<br \/>\nH-2142 Nagytarcsa, Fels\u0151 Ipari k\u00f6r\u00fat 2\/F \u201eB\u201d \u00e9p\u00fclet<br \/>\nHungary<\/p>\n<p>E-mail: info@auware.hu<\/p>","protected":false},"excerpt":{"rendered":"<p>This Cookie Policy was last updated on 27. 10. 2022 and applies to citizens and legal permanent residents of the European Economic Area and Switzerland. 1. Introduction Our website, https:\/\/www.auware.hu (hereinafter: &#8220;the website&#8221;) uses cookies and other related technologies (for convenience all technologies are referred to as &#8220;cookies&#8221;). Cookies are also placed by third parties [&hellip;]<\/p>","protected":false},"author":2,"featured_media":0,"parent":0,"menu_order":0,"comment_status":"closed","ping_status":"closed","template":"","meta":{"footnotes":""},"class_list":["post-174","page","type-page","status-publish","hentry"],"_links":{"self":[{"href":"https:\/\/www.auware.hu\/hu\/wp-json\/wp\/v2\/pages\/174","targetHints":{"allow":["GET"]}}],"collection":[{"href":"https:\/\/www.auware.hu\/hu\/wp-json\/wp\/v2\/pages"}],"about":[{"href":"https:\/\/www.auware.hu\/hu\/wp-json\/wp\/v2\/types\/page"}],"author":[{"embeddable":true,"href":"https:\/\/www.auware.hu\/hu\/wp-json\/wp\/v2\/users\/2"}],"replies":[{"embeddable":true,"href":"https:\/\/www.auware.hu\/hu\/wp-json\/wp\/v2\/comments?post=174"}],"version-history":[{"count":4,"href":"https:\/\/www.auware.hu\/hu\/wp-json\/wp\/v2\/pages\/174\/revisions"}],"predecessor-version":[{"id":2029,"href":"https:\/\/www.auware.hu\/hu\/wp-json\/wp\/v2\/pages\/174\/revisions\/2029"}],"wp:attachment":[{"href":"https:\/\/www.auware.hu\/hu\/wp-json\/wp\/v2\/media?parent=174"}],"curies":[{"name":"wp","href":"https:\/\/api.w.org\/{rel}","templated":true}]}}