{"id":100,"date":"2022-08-23T12:28:15","date_gmt":"2022-08-23T10:28:15","guid":{"rendered":"http:\/\/www.auware.hu\/o-nas\/"},"modified":"2023-02-28T14:43:17","modified_gmt":"2023-02-28T13:43:17","slug":"about-us","status":"publish","type":"page","link":"https:\/\/www.auware.hu\/hu\/about-us\/","title":{"rendered":"R\u00f3lunk"},"content":{"rendered":"<div data-elementor-type=\"wp-page\" data-elementor-id=\"100\" class=\"elementor elementor-100\" data-elementor-post-type=\"page\">\n\t\t\t\t\t\t<section class=\"elementor-section elementor-top-section elementor-element elementor-element-2d15317 elementor-section-boxed elementor-section-height-default elementor-section-height-default\" data-id=\"2d15317\" data-element_type=\"section\">\n\t\t\t\t\t\t<div class=\"elementor-container elementor-column-gap-default\">\n\t\t\t\t\t<div class=\"elementor-column elementor-col-100 elementor-top-column elementor-element elementor-element-bdb203c\" data-id=\"bdb203c\" data-element_type=\"column\">\n\t\t\t<div class=\"elementor-widget-wrap elementor-element-populated\">\n\t\t\t\t\t\t<div class=\"elementor-element elementor-element-40d63fa elementor-widget elementor-widget-heading\" data-id=\"40d63fa\" data-element_type=\"widget\" data-widget_type=\"heading.default\">\n\t\t\t\t<div class=\"elementor-widget-container\">\n\t\t\t<h1 class=\"elementor-heading-title elementor-size-default\">Magasan \u00e9s speci\u00e1lisan k\u00e9pzett, tapasztalt csapataink a helyi \u00e9s nemzetk\u00f6zi m\u0171veletek, a min\u0151s\u00e9g, a m\u00e9rn\u00f6ki munka \u00e9s az innov\u00e1ci\u00f3 ter\u00e9n mindig az Auware Engineering megold\u00e1sainak \u00e9lvonal\u00e1ban \u00e1llnak. <\/h1>\t\t<\/div>\n\t\t\t\t<\/div>\n\t\t\t\t\t<\/div>\n\t\t<\/div>\n\t\t\t\t\t<\/div>\n\t\t<\/section>\n\t\t\t\t<section class=\"elementor-section elementor-top-section elementor-element elementor-element-f815fb1 elementor-section-boxed elementor-section-height-default elementor-section-height-default\" data-id=\"f815fb1\" data-element_type=\"section\">\n\t\t\t\t\t\t<div class=\"elementor-container elementor-column-gap-default\">\n\t\t\t\t\t<div class=\"elementor-column elementor-col-100 elementor-top-column elementor-element elementor-element-ecc55a3\" data-id=\"ecc55a3\" data-element_type=\"column\">\n\t\t\t<div class=\"elementor-widget-wrap elementor-element-populated\">\n\t\t\t\t\t\t<div class=\"elementor-element elementor-element-d472318 elementor-widget elementor-widget-heading\" data-id=\"d472318\" data-element_type=\"widget\" data-widget_type=\"heading.default\">\n\t\t\t\t<div class=\"elementor-widget-container\">\n\t\t\t<h1 class=\"elementor-heading-title elementor-size-default\">A m\u0171szaki \u00e9s m\u00e9rn\u00f6ki munk\u00e1t\u00f3l kezdve a szoftverfejleszt\u00e9sig, csapatunk v\u00e1ltozatos lehet\u0151s\u00e9geket k\u00edn\u00e1l mindazoknak, akik rendelkeznek a gy\u00e1rt\u00e1si lehet\u0151s\u00e9gek n\u00f6vel\u00e9s\u00e9hez sz\u00fcks\u00e9ges szak\u00e9rtelemmel, elsz\u00e1nts\u00e1ggal \u00e9s lend\u00fclettel. <\/h1>\t\t<\/div>\n\t\t\t\t<\/div>\n\t\t\t\t\t<\/div>\n\t\t<\/div>\n\t\t\t\t\t<\/div>\n\t\t<\/section>\n\t\t\t\t<section class=\"elementor-section elementor-top-section elementor-element elementor-element-0eadede elementor-section-boxed elementor-section-height-default elementor-section-height-default\" data-id=\"0eadede\" data-element_type=\"section\">\n\t\t\t\t\t\t<div class=\"elementor-container elementor-column-gap-default\">\n\t\t\t\t\t<div class=\"elementor-column elementor-col-33 elementor-top-column elementor-element elementor-element-939ccf8\" data-id=\"939ccf8\" data-element_type=\"column\">\n\t\t\t<div class=\"elementor-widget-wrap elementor-element-populated\">\n\t\t\t\t\t\t<div class=\"elementor-element elementor-element-37651b5 elementor-invisible elementor-widget elementor-widget-image\" data-id=\"37651b5\" data-element_type=\"widget\" data-settings=\"{&quot;_animation&quot;:&quot;zoomIn&quot;,&quot;_animation_delay&quot;:100}\" data-widget_type=\"image.default\">\n\t\t\t\t<div class=\"elementor-widget-container\">\n\t\t\t\t\t\t\t\t\t\t\t\t\t<img fetchpriority=\"high\" decoding=\"async\" width=\"900\" height=\"675\" src=\"https:\/\/www.auware.hu\/wp-content\/uploads\/2022\/11\/about-m.jpg\" class=\"attachment-full size-full wp-image-1787\" alt=\"\" srcset=\"https:\/\/www.auware.hu\/wp-content\/uploads\/2022\/11\/about-m.jpg 900w, https:\/\/www.auware.hu\/wp-content\/uploads\/2022\/11\/about-m-300x225.jpg 300w, https:\/\/www.auware.hu\/wp-content\/uploads\/2022\/11\/about-m-768x576.jpg 768w\" sizes=\"(max-width: 900px) 100vw, 900px\" \/>\t\t\t\t\t\t\t\t\t\t\t\t\t<\/div>\n\t\t\t\t<\/div>\n\t\t\t\t<div class=\"elementor-element elementor-element-b7ffe62 elementor-widget elementor-widget-spacer\" data-id=\"b7ffe62\" data-element_type=\"widget\" data-widget_type=\"spacer.default\">\n\t\t\t\t<div class=\"elementor-widget-container\">\n\t\t\t\t\t<div class=\"elementor-spacer\">\n\t\t\t<div class=\"elementor-spacer-inner\"><\/div>\n\t\t<\/div>\n\t\t\t\t<\/div>\n\t\t\t\t<\/div>\n\t\t\t\t<div class=\"elementor-element elementor-element-aa94125 elementor-widget elementor-widget-text-editor\" data-id=\"aa94125\" data-element_type=\"widget\" data-widget_type=\"text-editor.default\">\n\t\t\t\t<div class=\"elementor-widget-container\">\n\t\t\t\t\t\t\t<p>K\u00fcldet\u00e9s\u00fcnk<\/p>\t\t\t\t\t\t<\/div>\n\t\t\t\t<\/div>\n\t\t\t\t<div class=\"elementor-element elementor-element-d75edaf elementor-widget elementor-widget-text-editor\" data-id=\"d75edaf\" data-element_type=\"widget\" data-widget_type=\"text-editor.default\">\n\t\t\t\t<div class=\"elementor-widget-container\">\n\t\t\t\t\t\t\t<p>Az Auware Engineering azzal a c\u00e9llal j\u00f6tt l\u00e9tre, hogy magas sz\u00ednvonal\u00fa m\u00e9rn\u00f6ki \u00e9s programoz\u00e1si szolg\u00e1ltat\u00e1sokat ny\u00fajtson helyi \u00e9s glob\u00e1lis szinten. Mindennapi c\u00e9lunk \u00e9s k\u00fcldet\u00e9s\u00fcnk, hogy rendk\u00edv\u00fcli sz\u00ednvonal\u00fa szolg\u00e1ltat\u00e1sokat \u00e9s megold\u00e1sokat ny\u00fajtsunk, melyek megfelelnek az Ipar 4.0 minden k\u00f6vetelm\u00e9ny\u00e9nek \u00e9s szabv\u00e1ny\u00e1nak.<\/p>\t\t\t\t\t\t<\/div>\n\t\t\t\t<\/div>\n\t\t\t\t<div class=\"elementor-element elementor-element-5802b71 elementor-widget elementor-widget-spacer\" data-id=\"5802b71\" data-element_type=\"widget\" data-widget_type=\"spacer.default\">\n\t\t\t\t<div class=\"elementor-widget-container\">\n\t\t\t\t\t<div class=\"elementor-spacer\">\n\t\t\t<div class=\"elementor-spacer-inner\"><\/div>\n\t\t<\/div>\n\t\t\t\t<\/div>\n\t\t\t\t<\/div>\n\t\t\t\t\t<\/div>\n\t\t<\/div>\n\t\t\t\t<div class=\"elementor-column elementor-col-33 elementor-top-column elementor-element elementor-element-bb3eb06\" data-id=\"bb3eb06\" data-element_type=\"column\">\n\t\t\t<div class=\"elementor-widget-wrap elementor-element-populated\">\n\t\t\t\t\t\t<div class=\"elementor-element elementor-element-6f8e011 elementor-invisible elementor-widget elementor-widget-image\" data-id=\"6f8e011\" data-element_type=\"widget\" data-settings=\"{&quot;_animation&quot;:&quot;zoomIn&quot;,&quot;_animation_delay&quot;:300}\" data-widget_type=\"image.default\">\n\t\t\t\t<div class=\"elementor-widget-container\">\n\t\t\t\t\t\t\t\t\t\t\t\t\t<img decoding=\"async\" width=\"900\" height=\"675\" src=\"https:\/\/www.auware.hu\/wp-content\/uploads\/2022\/11\/about-b.jpg\" class=\"attachment-full size-full wp-image-1576\" alt=\"\" srcset=\"https:\/\/www.auware.hu\/wp-content\/uploads\/2022\/11\/about-b.jpg 900w, https:\/\/www.auware.hu\/wp-content\/uploads\/2022\/11\/about-b-300x225.jpg 300w, https:\/\/www.auware.hu\/wp-content\/uploads\/2022\/11\/about-b-768x576.jpg 768w\" sizes=\"(max-width: 900px) 100vw, 900px\" \/>\t\t\t\t\t\t\t\t\t\t\t\t\t<\/div>\n\t\t\t\t<\/div>\n\t\t\t\t<div class=\"elementor-element elementor-element-edc67a7 elementor-widget elementor-widget-spacer\" data-id=\"edc67a7\" data-element_type=\"widget\" data-widget_type=\"spacer.default\">\n\t\t\t\t<div class=\"elementor-widget-container\">\n\t\t\t\t\t<div class=\"elementor-spacer\">\n\t\t\t<div class=\"elementor-spacer-inner\"><\/div>\n\t\t<\/div>\n\t\t\t\t<\/div>\n\t\t\t\t<\/div>\n\t\t\t\t<div class=\"elementor-element elementor-element-cd25be9 elementor-widget elementor-widget-text-editor\" data-id=\"cd25be9\" data-element_type=\"widget\" data-widget_type=\"text-editor.default\">\n\t\t\t\t<div class=\"elementor-widget-container\">\n\t\t\t\t\t\t\t<p>V\u00edzi\u00f3nk<\/p>\t\t\t\t\t\t<\/div>\n\t\t\t\t<\/div>\n\t\t\t\t<div class=\"elementor-element elementor-element-8c5a7db elementor-widget elementor-widget-text-editor\" data-id=\"8c5a7db\" data-element_type=\"widget\" data-widget_type=\"text-editor.default\">\n\t\t\t\t<div class=\"elementor-widget-container\">\n\t\t\t\t\t\t\t<p>\u00dcgyfeleinknek termel\u00e9s\u00fck j\u00f6v\u0151j\u00e9t biztos\u00edtjuk. Arra t\u00f6reksz\u00fcnk, hogy az ipari automatiz\u00e1l\u00e1si megold\u00e1sokkal kapcsolatos magasszint\u0171 szak\u00e9rtelmet \u00e9s tapasztalatot ig\u00e9nyl\u0151 ter\u00fcleteken a legjobb v\u00e1laszt\u00e1s legy\u00fcnk az \u00fcgyfelek sz\u00e1m\u00e1ra.<\/p>\t\t\t\t\t\t<\/div>\n\t\t\t\t<\/div>\n\t\t\t\t<div class=\"elementor-element elementor-element-debe299 elementor-widget elementor-widget-spacer\" data-id=\"debe299\" data-element_type=\"widget\" data-widget_type=\"spacer.default\">\n\t\t\t\t<div class=\"elementor-widget-container\">\n\t\t\t\t\t<div class=\"elementor-spacer\">\n\t\t\t<div class=\"elementor-spacer-inner\"><\/div>\n\t\t<\/div>\n\t\t\t\t<\/div>\n\t\t\t\t<\/div>\n\t\t\t\t\t<\/div>\n\t\t<\/div>\n\t\t\t\t<div class=\"elementor-column elementor-col-33 elementor-top-column elementor-element elementor-element-f74fd74\" data-id=\"f74fd74\" data-element_type=\"column\">\n\t\t\t<div class=\"elementor-widget-wrap elementor-element-populated\">\n\t\t\t\t\t\t<div class=\"elementor-element elementor-element-9f2c4f6 elementor-invisible elementor-widget elementor-widget-image\" data-id=\"9f2c4f6\" data-element_type=\"widget\" data-settings=\"{&quot;_animation&quot;:&quot;zoomIn&quot;,&quot;_animation_delay&quot;:500}\" data-widget_type=\"image.default\">\n\t\t\t\t<div class=\"elementor-widget-container\">\n\t\t\t\t\t\t\t\t\t\t\t\t\t<img decoding=\"async\" width=\"900\" height=\"675\" src=\"https:\/\/www.auware.hu\/wp-content\/uploads\/2022\/11\/about-c.jpg\" class=\"attachment-full size-full wp-image-1577\" alt=\"\" srcset=\"https:\/\/www.auware.hu\/wp-content\/uploads\/2022\/11\/about-c.jpg 900w, https:\/\/www.auware.hu\/wp-content\/uploads\/2022\/11\/about-c-300x225.jpg 300w, https:\/\/www.auware.hu\/wp-content\/uploads\/2022\/11\/about-c-768x576.jpg 768w\" sizes=\"(max-width: 900px) 100vw, 900px\" \/>\t\t\t\t\t\t\t\t\t\t\t\t\t<\/div>\n\t\t\t\t<\/div>\n\t\t\t\t<div class=\"elementor-element elementor-element-368f66b elementor-widget elementor-widget-spacer\" data-id=\"368f66b\" data-element_type=\"widget\" data-widget_type=\"spacer.default\">\n\t\t\t\t<div class=\"elementor-widget-container\">\n\t\t\t\t\t<div class=\"elementor-spacer\">\n\t\t\t<div class=\"elementor-spacer-inner\"><\/div>\n\t\t<\/div>\n\t\t\t\t<\/div>\n\t\t\t\t<\/div>\n\t\t\t\t<div class=\"elementor-element elementor-element-37b0bd3 elementor-widget elementor-widget-text-editor\" data-id=\"37b0bd3\" data-element_type=\"widget\" data-widget_type=\"text-editor.default\">\n\t\t\t\t<div class=\"elementor-widget-container\">\n\t\t\t\t\t\t\t<p>Az automatiz\u00e1l\u00e1sban a j\u00f6v\u0151!<\/p>\t\t\t\t\t\t<\/div>\n\t\t\t\t<\/div>\n\t\t\t\t<div class=\"elementor-element elementor-element-5acb822 elementor-widget elementor-widget-text-editor\" data-id=\"5acb822\" data-element_type=\"widget\" data-widget_type=\"text-editor.default\">\n\t\t\t\t<div class=\"elementor-widget-container\">\n\t\t\t\t\t\t\t<p>Feladatunk, hogy seg\u00edts\u00fcnk rugalmasan reag\u00e1lni az Ipar 4.0 izgalmas kih\u00edv\u00e1sainak folyamatos fejl\u0151d\u00e9s\u00e9re, egyre jobban meghosszabb\u00edtva ezzel a termel\u00e9s j\u00f6v\u0151j\u00e9t.<\/p>\t\t\t\t\t\t<\/div>\n\t\t\t\t<\/div>\n\t\t\t\t<div class=\"elementor-element elementor-element-8e48415 elementor-widget elementor-widget-spacer\" data-id=\"8e48415\" data-element_type=\"widget\" data-widget_type=\"spacer.default\">\n\t\t\t\t<div class=\"elementor-widget-container\">\n\t\t\t\t\t<div class=\"elementor-spacer\">\n\t\t\t<div class=\"elementor-spacer-inner\"><\/div>\n\t\t<\/div>\n\t\t\t\t<\/div>\n\t\t\t\t<\/div>\n\t\t\t\t\t<\/div>\n\t\t<\/div>\n\t\t\t\t\t<\/div>\n\t\t<\/section>\n\t\t\t\t<section class=\"elementor-section elementor-top-section elementor-element elementor-element-1013af86 elementor-section-full_width elementor-section-content-middle elementor-section-height-default elementor-section-height-default\" data-id=\"1013af86\" data-element_type=\"section\" data-settings=\"{&quot;background_background&quot;:&quot;classic&quot;}\">\n\t\t\t\t\t\t\t<div class=\"elementor-background-overlay\"><\/div>\n\t\t\t\t\t\t\t<div class=\"elementor-container elementor-column-gap-default\">\n\t\t\t\t\t<div class=\"elementor-column elementor-col-100 elementor-top-column elementor-element elementor-element-6aa6e3b\" data-id=\"6aa6e3b\" data-element_type=\"column\">\n\t\t\t<div class=\"elementor-widget-wrap elementor-element-populated\">\n\t\t\t\t\t\t<section class=\"elementor-section elementor-inner-section elementor-element elementor-element-595ccb57 elementor-section-boxed elementor-section-height-default elementor-section-height-default\" data-id=\"595ccb57\" data-element_type=\"section\">\n\t\t\t\t\t\t<div class=\"elementor-container elementor-column-gap-default\">\n\t\t\t\t\t<div class=\"elementor-column elementor-col-100 elementor-inner-column elementor-element elementor-element-21cd47d6\" data-id=\"21cd47d6\" data-element_type=\"column\">\n\t\t\t<div class=\"elementor-widget-wrap elementor-element-populated\">\n\t\t\t\t\t\t<div class=\"elementor-element elementor-element-2d33480 elementor-widget elementor-widget-text-editor\" data-id=\"2d33480\" data-element_type=\"widget\" data-widget_type=\"text-editor.default\">\n\t\t\t\t<div class=\"elementor-widget-container\">\n\t\t\t\t\t\t\t<p>Tov\u00e1bbra is az innov\u00e1ci\u00f3, a tud\u00e1s \u00e9s a lehet\u0151 legjobb megold\u00e1sok, szolg\u00e1ltat\u00e1sok \u00fatj\u00e1t j\u00e1rjuk. Ezeket k\u00f6vetve jutottunk el id\u00e1ig, \u00e9s ezek kalauzolnak el benn\u00fcnket a holnap kapuj\u00e1ba!<\/p>\t\t\t\t\t\t<\/div>\n\t\t\t\t<\/div>\n\t\t\t\t\t<\/div>\n\t\t<\/div>\n\t\t\t\t\t<\/div>\n\t\t<\/section>\n\t\t\t\t<section class=\"elementor-section elementor-inner-section elementor-element elementor-element-ce4327f elementor-section-boxed elementor-section-height-default elementor-section-height-default\" data-id=\"ce4327f\" data-element_type=\"section\">\n\t\t\t\t\t\t<div class=\"elementor-container elementor-column-gap-default\">\n\t\t\t\t\t<div class=\"elementor-column elementor-col-50 elementor-inner-column elementor-element elementor-element-a0b23e4\" data-id=\"a0b23e4\" data-element_type=\"column\">\n\t\t\t<div class=\"elementor-widget-wrap elementor-element-populated\">\n\t\t\t\t\t\t<div class=\"elementor-element elementor-element-03ab1e2 elementor-widget elementor-widget-text-editor\" data-id=\"03ab1e2\" data-element_type=\"widget\" data-widget_type=\"text-editor.default\">\n\t\t\t\t<div class=\"elementor-widget-container\">\n\t\t\t\t\t\t\t<p>Az Auware Engineering Kft. az Ipar 4.0 \u00e9s az ipari automatiz\u00e1l\u00e1s ter\u00fclet\u00e9re specializ\u00e1l\u00f3dott szakmai szolg\u00e1ltat\u00e1sok \u00e9s megold\u00e1sok vezet\u0151 szolg\u00e1ltat\u00f3ja. Szak\u00e9rtelm\u00fcnk kiterjed a tervez\u00e9sre, a programoz\u00e1sra, a  projekt\u00e1ttervez\u00e9sre, azaz retrofit\u00e1l\u00e1sra valamint a strat\u00e9giai tan\u00e1csad\u00e1sra, \u00edgy t\u00f6k\u00e9letes partnerek lehet\u00fcnk az \u00d6n v\u00e1llalkoz\u00e1sa sz\u00e1m\u00e1ra.<\/p><p>Er\u0151ss\u00e9g\u00fcnk a gy\u00e1rt\u00e1soptimaliz\u00e1l\u00e1s, a karbantart\u00e1s \u00e9s a szabv\u00e1nyos\u00edt\u00e1s, k\u00fcl\u00f6n\u00f6sen az aut\u00f3iparban. Magasan k\u00e9pzett, szisztematikus szak\u00e9rt\u0151g\u00e1rd\u00e1nk k\u00edn\u00e1lja szolg\u00e1ltat\u00e1sait \u00e9s megold\u00e1sait K\u00f6z\u00e9p-Eur\u00f3pa szerte els\u0151sorban nagyv\u00e1llalatok \u00e9s kulcsfontoss\u00e1g\u00fa besz\u00e1ll\u00edt\u00f3k sz\u00e1m\u00e1ra. Nagy szak\u00e9rtelmet ig\u00e9nyel\u0151 ter\u00fcleteken tev\u00e9kenyked\u00fcnk, mint p\u00e9ld\u00e1ul az ipari vez\u00e9rl\u00e9sek szoftverfejleszt\u00e9se, az egyedi szoftverek valamint az \u00fcgyfelek egyedi ig\u00e9nyeihez igaz\u00edtott automatiz\u00e1lt g\u00e9pek \u00e9s robotikai cell\u00e1k tervez\u00e9se, gy\u00e1rt\u00e1sa \u00e9s \u00fczembehelyez\u00e9se.<\/p><p>A rugalmass\u00e1g, a professzion\u00e1lis megk\u00f6zel\u00edt\u00e9s, a szak\u00e9rtelem,a  tapasztalat, a teljes megb\u00edzhat\u00f3s\u00e1g \u00e9s a min\u0151s\u00e9g ir\u00e1nti elk\u00f6telezetts\u00e9g, az \u00fcgyfelek el\u00e9gedetts\u00e9ge valamint a hossz\u00fa t\u00e1v\u00fa kapcsolat n\u00e1lunk alapvet\u00e9snek sz\u00e1m\u00edt. Ezek az \u00e9rt\u00e9kek m\u00e9lyen be\u00e1gyaz\u00f3dtak DNS-\u00fcnkbe, minden projekt\u00fcnkben kamatoztatjuk \u0151ket.<\/p>\t\t\t\t\t\t<\/div>\n\t\t\t\t<\/div>\n\t\t\t\t\t<\/div>\n\t\t<\/div>\n\t\t\t\t<div class=\"elementor-column elementor-col-50 elementor-inner-column elementor-element elementor-element-f79c321\" data-id=\"f79c321\" data-element_type=\"column\">\n\t\t\t<div class=\"elementor-widget-wrap elementor-element-populated\">\n\t\t\t\t\t\t<div class=\"elementor-element elementor-element-e628192 elementor-widget elementor-widget-text-editor\" data-id=\"e628192\" data-element_type=\"widget\" data-widget_type=\"text-editor.default\">\n\t\t\t\t<div class=\"elementor-widget-container\">\n\t\t\t\t\t\t\t<p>Az Auware Engineering  teljes gy\u00e1rt\u00f3sorok ill. r\u00e9szleges berendez\u00e9sek glob\u00e1lis besz\u00e1ll\u00edt\u00f3inak is szolg\u00e1ltat\u00e1sokat ny\u00fajt. Teljes felel\u0151ss\u00e9get v\u00e1llalunk a komplett vez\u00e9rl\u0151rendszer programoz\u00e1s\u00e1t, a helysz\u00edni \u00fczembehelyez\u00e9st \u00e9s gy\u00e1rt\u00e1s sor\u00e1n a helysz\u00edni t\u00e1mogat\u00e1st illet\u0151en, biztos\u00edtva a gy\u00e1rt\u00f3sorok z\u00f6kken\u0151mentes \u00e9s hat\u00e9kony m\u0171k\u00f6d\u00e9s\u00e9t.<\/p><p>B\u00fcszk\u00e9k vagyunk arra, hogy a Central European Automation Holding kulcsfontoss\u00e1g\u00fa tagja vagyunk, jelent\u0151sen n\u00f6velve ezzel annak tov\u00e1bbi er\u0151forr\u00e1sokhoz \u00e9s az ipari automatiz\u00e1l\u00e1si szolg\u00e1ltat\u00e1sokra \u00e9s megold\u00e1sokra \u00f6sszpontos\u00edt\u00f3,  magasan k\u00e9pzett szakemberek sz\u00e9lesebb portf\u00f3li\u00f3j\u00e1hoz val\u00f3 hozz\u00e1f\u00e9r\u00e9s\u00e9t. Testv\u00e9rv\u00e1llalatainkkal, az Automa CZ-vel \u00e9s az Antra ID Kft-vel egy\u00fcttm\u0171k\u00f6dve b\u00e1rmilyen szegmensben k\u00e9pesek vagyunk kiel\u00e9g\u00edteni \u00fcgyfeleink ipari automatiz\u00e1l\u00e1si ig\u00e9nyeit.<\/p>\t\t\t\t\t\t<\/div>\n\t\t\t\t<\/div>\n\t\t\t\t\t<\/div>\n\t\t<\/div>\n\t\t\t\t\t<\/div>\n\t\t<\/section>\n\t\t\t\t\t<\/div>\n\t\t<\/div>\n\t\t\t\t\t<\/div>\n\t\t<\/section>\n\t\t\t\t<\/div>","protected":false},"excerpt":{"rendered":"<p>Our highly-skilled, specially trained, experienced teams in local and international operations, quality, engineering, and innovation are always at the forefront of Auware Engineering\u2019s solutions. From technical and engineering to software development, our team provides diverse opportunities for those with the skill, determination, and drive to enhance production possibilities. Mission Auware Engineering was established to provide [&hellip;]<\/p>","protected":false},"author":2,"featured_media":0,"parent":0,"menu_order":0,"comment_status":"closed","ping_status":"closed","template":"","meta":{"footnotes":""},"class_list":["post-100","page","type-page","status-publish","hentry"],"_links":{"self":[{"href":"https:\/\/www.auware.hu\/hu\/wp-json\/wp\/v2\/pages\/100","targetHints":{"allow":["GET"]}}],"collection":[{"href":"https:\/\/www.auware.hu\/hu\/wp-json\/wp\/v2\/pages"}],"about":[{"href":"https:\/\/www.auware.hu\/hu\/wp-json\/wp\/v2\/types\/page"}],"author":[{"embeddable":true,"href":"https:\/\/www.auware.hu\/hu\/wp-json\/wp\/v2\/users\/2"}],"replies":[{"embeddable":true,"href":"https:\/\/www.auware.hu\/hu\/wp-json\/wp\/v2\/comments?post=100"}],"version-history":[{"count":109,"href":"https:\/\/www.auware.hu\/hu\/wp-json\/wp\/v2\/pages\/100\/revisions"}],"predecessor-version":[{"id":2090,"href":"https:\/\/www.auware.hu\/hu\/wp-json\/wp\/v2\/pages\/100\/revisions\/2090"}],"wp:attachment":[{"href":"https:\/\/www.auware.hu\/hu\/wp-json\/wp\/v2\/media?parent=100"}],"curies":[{"name":"wp","href":"https:\/\/api.w.org\/{rel}","templated":true}]}}