{"id":787,"date":"2022-10-19T14:22:25","date_gmt":"2022-10-19T12:22:25","guid":{"rendered":"http:\/\/www.auware.hu\/?page_id=787"},"modified":"2022-11-27T17:06:30","modified_gmt":"2022-11-27T16:06:30","slug":"success-stories","status":"publish","type":"page","link":"http:\/\/www.auware.hu\/hu\/success-stories\/","title":{"rendered":"Sikert\u00f6rt\u00e9netek"},"content":{"rendered":"<div data-elementor-type=\"wp-page\" data-elementor-id=\"787\" class=\"elementor elementor-787\" data-elementor-post-type=\"page\">\n\t\t\t\t\t\t<section class=\"elementor-section elementor-top-section elementor-element elementor-element-5c42fa3c elementor-section-boxed elementor-section-height-default elementor-section-height-default\" data-id=\"5c42fa3c\" data-element_type=\"section\">\n\t\t\t\t\t\t<div class=\"elementor-container elementor-column-gap-default\">\n\t\t\t\t\t<div class=\"elementor-column elementor-col-100 elementor-top-column elementor-element elementor-element-334922d9\" data-id=\"334922d9\" data-element_type=\"column\">\n\t\t\t<div class=\"elementor-widget-wrap elementor-element-populated\">\n\t\t\t\t\t\t<div class=\"elementor-element elementor-element-2be20dc4 elementor-widget elementor-widget-heading\" data-id=\"2be20dc4\" data-element_type=\"widget\" data-widget_type=\"heading.default\">\n\t\t\t\t<div class=\"elementor-widget-container\">\n\t\t\t<h1 class=\"elementor-heading-title elementor-size-default\">Rendk\u00edv\u00fcli tan\u00e1csad\u00e1si \u00e9s m\u00e9rn\u00f6ki szolg\u00e1ltat\u00e1sokkal seg\u00edtj\u00fck \u00fcgyfeleinket abban, hogy az Ipar 4.0 kih\u00edv\u00e1saival szemben\u00e9zve nagy teljes\u00edtm\u00e9ny\u0171 gy\u00e1rt\u00f3kk\u00e1 v\u00e1lhassanak. <\/h1>\t\t<\/div>\n\t\t\t\t<\/div>\n\t\t\t\t<div class=\"elementor-element elementor-element-611d1bba elementor-widget elementor-widget-spacer\" data-id=\"611d1bba\" data-element_type=\"widget\" data-widget_type=\"spacer.default\">\n\t\t\t\t<div class=\"elementor-widget-container\">\n\t\t\t\t\t<div class=\"elementor-spacer\">\n\t\t\t<div class=\"elementor-spacer-inner\"><\/div>\n\t\t<\/div>\n\t\t\t\t<\/div>\n\t\t\t\t<\/div>\n\t\t\t\t\t<\/div>\n\t\t<\/div>\n\t\t\t\t\t<\/div>\n\t\t<\/section>\n\t\t\t\t<section class=\"elementor-section elementor-top-section elementor-element elementor-element-46648925 elementor-section-full_width elementor-section-height-default elementor-section-height-default\" data-id=\"46648925\" data-element_type=\"section\" data-settings=\"{&quot;background_background&quot;:&quot;classic&quot;}\">\n\t\t\t\t\t\t<div class=\"elementor-container elementor-column-gap-default\">\n\t\t\t\t\t<div class=\"elementor-column elementor-col-100 elementor-top-column elementor-element elementor-element-41bad940\" data-id=\"41bad940\" data-element_type=\"column\" data-settings=\"{&quot;background_background&quot;:&quot;classic&quot;}\">\n\t\t\t<div class=\"elementor-widget-wrap elementor-element-populated\">\n\t\t\t\t\t\t<section class=\"elementor-section elementor-inner-section elementor-element elementor-element-10572903 elementor-section-boxed elementor-section-height-default elementor-section-height-default\" data-id=\"10572903\" data-element_type=\"section\">\n\t\t\t\t\t\t<div class=\"elementor-container elementor-column-gap-default\">\n\t\t\t\t\t<div class=\"elementor-column elementor-col-100 elementor-inner-column elementor-element elementor-element-72df1f47\" data-id=\"72df1f47\" data-element_type=\"column\">\n\t\t\t<div class=\"elementor-widget-wrap elementor-element-populated\">\n\t\t\t\t\t\t<div class=\"elementor-element elementor-element-2cb9d606 elementor-widget elementor-widget-spacer\" data-id=\"2cb9d606\" data-element_type=\"widget\" data-widget_type=\"spacer.default\">\n\t\t\t\t<div class=\"elementor-widget-container\">\n\t\t\t\t\t<div class=\"elementor-spacer\">\n\t\t\t<div class=\"elementor-spacer-inner\"><\/div>\n\t\t<\/div>\n\t\t\t\t<\/div>\n\t\t\t\t<\/div>\n\t\t\t\t<div class=\"elementor-element elementor-element-42c08c95 elementor-posts--align-center elementor-grid-3 elementor-grid-tablet-2 elementor-grid-mobile-1 elementor-posts--thumbnail-top elementor-card-shadow-yes elementor-posts__hover-gradient elementor-widget elementor-widget-posts\" data-id=\"42c08c95\" data-element_type=\"widget\" data-settings=\"{&quot;cards_row_gap&quot;:{&quot;unit&quot;:&quot;px&quot;,&quot;size&quot;:40,&quot;sizes&quot;:[]},&quot;cards_columns&quot;:&quot;3&quot;,&quot;cards_columns_tablet&quot;:&quot;2&quot;,&quot;cards_columns_mobile&quot;:&quot;1&quot;,&quot;cards_row_gap_tablet&quot;:{&quot;unit&quot;:&quot;px&quot;,&quot;size&quot;:&quot;&quot;,&quot;sizes&quot;:[]},&quot;cards_row_gap_mobile&quot;:{&quot;unit&quot;:&quot;px&quot;,&quot;size&quot;:&quot;&quot;,&quot;sizes&quot;:[]}}\" data-widget_type=\"posts.cards\">\n\t\t\t\t<div class=\"elementor-widget-container\">\n\t\t\t\t\t<div class=\"elementor-posts-container elementor-posts elementor-posts--skin-cards elementor-grid\">\n\t\t\t\t<article class=\"elementor-post elementor-grid-item post-2034 post type-post status-publish format-standard has-post-thumbnail hentry category-use-cases\">\n\t\t\t<div class=\"elementor-post__card\">\n\t\t\t\t<a class=\"elementor-post__thumbnail__link\" href=\"http:\/\/www.auware.hu\/hu\/a-winning-partner-in-machine-production-cs\/\" tabindex=\"-1\" ><div class=\"elementor-post__thumbnail\"><img fetchpriority=\"high\" decoding=\"async\" width=\"900\" height=\"600\" src=\"https:\/\/www.auware.hu\/wp-content\/uploads\/2023\/01\/saasco-success-story.jpg\" class=\"attachment-full size-full wp-image-2035\" alt=\"\" srcset=\"https:\/\/www.auware.hu\/wp-content\/uploads\/2023\/01\/saasco-success-story.jpg 900w, https:\/\/www.auware.hu\/wp-content\/uploads\/2023\/01\/saasco-success-story-300x200.jpg 300w, https:\/\/www.auware.hu\/wp-content\/uploads\/2023\/01\/saasco-success-story-768x512.jpg 768w, https:\/\/www.auware.hu\/wp-content\/uploads\/2023\/01\/saasco-success-story-18x12.jpg 18w\" sizes=\"(max-width: 900px) 100vw, 900px\" \/><\/div><\/a>\n\t\t\t\t<div class=\"elementor-post__text\">\n\t\t\t\t<h3 class=\"elementor-post__title\">\n\t\t\t<a href=\"http:\/\/www.auware.hu\/hu\/a-winning-partner-in-machine-production-cs\/\" >\n\t\t\t\tNyer\u0151 p\u00e1ros a c\u00e9lg\u00e9p\u00e9p\u00edt\u00e9sben\t\t\t<\/a>\n\t\t<\/h3>\n\t\t\t\t<div class=\"elementor-post__excerpt\">\n\t\t\t<p>A gyakran v\u00e1ltoz\u00f3 el\u0151\u00edr\u00e1sok \u00e9s direkt\u00edv\u00e1k b\u00f6ng\u00e9sz\u00e9se nem kimondottan m\u00e9rn\u00f6k\u00f6knek tetsz\u0151 feladat, betart\u00e1suk m\u00e9gis elengedhetetlen ahhoz, hogy biztons\u00e1gos g\u00e9pet adjunk ki a kez\u00fcnkb\u0151l.<\/p>\n\t\t<\/div>\n\t\t\t\t<\/div>\n\t\t\t\t\t<\/div>\n\t\t<\/article>\n\t\t\t\t<article class=\"elementor-post elementor-grid-item post-1514 post type-post status-publish format-standard has-post-thumbnail hentry category-use-cases\">\n\t\t\t<div class=\"elementor-post__card\">\n\t\t\t\t<a class=\"elementor-post__thumbnail__link\" href=\"http:\/\/www.auware.hu\/hu\/digitization-step-by-step-with-the-help-of-retrofit\/\" tabindex=\"-1\" ><div class=\"elementor-post__thumbnail\"><img decoding=\"async\" width=\"900\" height=\"600\" src=\"https:\/\/www.auware.hu\/wp-content\/uploads\/2022\/10\/cs-siemens.jpg\" class=\"attachment-full size-full wp-image-1637\" alt=\"\" srcset=\"https:\/\/www.auware.hu\/wp-content\/uploads\/2022\/10\/cs-siemens.jpg 900w, https:\/\/www.auware.hu\/wp-content\/uploads\/2022\/10\/cs-siemens-300x200.jpg 300w, https:\/\/www.auware.hu\/wp-content\/uploads\/2022\/10\/cs-siemens-768x512.jpg 768w\" sizes=\"(max-width: 900px) 100vw, 900px\" \/><\/div><\/a>\n\t\t\t\t<div class=\"elementor-post__text\">\n\t\t\t\t<h3 class=\"elementor-post__title\">\n\t\t\t<a href=\"http:\/\/www.auware.hu\/hu\/digitization-step-by-step-with-the-help-of-retrofit\/\" >\n\t\t\t\tDigitaliz\u00e1ci\u00f3 l\u00e9p\u00e9sr\u0151l l\u00e9p\u00e9sre, retrofit seg\u00edts\u00e9g\u00e9vel\t\t\t<\/a>\n\t\t<\/h3>\n\t\t\t\t<div class=\"elementor-post__excerpt\">\n\t\t\t<p>Hogyan moderniz\u00e1lhat\u00f3 egy r\u00e9g\u00f3ta j\u00f3l m\u0171k\u00f6d\u0151 g\u00e9p? A Siemens egyik partnere, az Auware Engineering Kft. szakemberei \u00e1ltal megval\u00f3s\u00edtott feladat j\u00f3l mutatja, mik\u00e9nt val\u00f3sul meg a retrofit.<\/p>\n\t\t<\/div>\n\t\t\t\t<\/div>\n\t\t\t\t\t<\/div>\n\t\t<\/article>\n\t\t\t\t<article class=\"elementor-post elementor-grid-item post-1501 post type-post status-publish format-standard has-post-thumbnail hentry category-use-cases\">\n\t\t\t<div class=\"elementor-post__card\">\n\t\t\t\t<a class=\"elementor-post__thumbnail__link\" href=\"http:\/\/www.auware.hu\/hu\/euchner-electric\/\" tabindex=\"-1\" ><div class=\"elementor-post__thumbnail\"><img decoding=\"async\" width=\"900\" height=\"600\" src=\"https:\/\/www.auware.hu\/wp-content\/uploads\/2022\/10\/cs-euchner.jpg\" class=\"attachment-full size-full wp-image-1639\" alt=\"\" srcset=\"https:\/\/www.auware.hu\/wp-content\/uploads\/2022\/10\/cs-euchner.jpg 900w, https:\/\/www.auware.hu\/wp-content\/uploads\/2022\/10\/cs-euchner-300x200.jpg 300w, https:\/\/www.auware.hu\/wp-content\/uploads\/2022\/10\/cs-euchner-768x512.jpg 768w\" sizes=\"(max-width: 900px) 100vw, 900px\" \/><\/div><\/a>\n\t\t\t\t<div class=\"elementor-post__text\">\n\t\t\t\t<h3 class=\"elementor-post__title\">\n\t\t\t<a href=\"http:\/\/www.auware.hu\/hu\/euchner-electric\/\" >\n\t\t\t\tEuchner Electric\t\t\t<\/a>\n\t\t<\/h3>\n\t\t\t\t<div class=\"elementor-post__excerpt\">\n\t\t\t<p>Egy g\u00e9p\u00e9p\u00edt\u0151 \u00e9s egy biztons\u00e1gtechnikai szak\u00e9rt\u0151 egy\u00fcttm\u0171k\u00f6d\u00e9se a leg\u00f6regebb g\u00e9pmatuzs\u00e1lemb\u0151l is k\u00e9pes modern tesztberendez\u00e9st var\u00e1zsolni<\/p>\n\t\t<\/div>\n\t\t\t\t<\/div>\n\t\t\t\t\t<\/div>\n\t\t<\/article>\n\t\t\t\t<article class=\"elementor-post elementor-grid-item post-1702 post type-post status-publish format-standard has-post-thumbnail hentry category-use-cases\">\n\t\t\t<div class=\"elementor-post__card\">\n\t\t\t\t<a class=\"elementor-post__thumbnail__link\" href=\"http:\/\/www.auware.hu\/hu\/more-solution-examples\/\" tabindex=\"-1\" ><div class=\"elementor-post__thumbnail\"><img loading=\"lazy\" decoding=\"async\" width=\"900\" height=\"600\" src=\"https:\/\/www.auware.hu\/wp-content\/uploads\/2022\/11\/uc-a.jpg\" class=\"attachment-full size-full wp-image-1704\" alt=\"\" srcset=\"https:\/\/www.auware.hu\/wp-content\/uploads\/2022\/11\/uc-a.jpg 900w, https:\/\/www.auware.hu\/wp-content\/uploads\/2022\/11\/uc-a-300x200.jpg 300w, https:\/\/www.auware.hu\/wp-content\/uploads\/2022\/11\/uc-a-768x512.jpg 768w\" sizes=\"(max-width: 900px) 100vw, 900px\" \/><\/div><\/a>\n\t\t\t\t<div class=\"elementor-post__text\">\n\t\t\t\t<h3 class=\"elementor-post__title\">\n\t\t\t<a href=\"http:\/\/www.auware.hu\/hu\/more-solution-examples\/\" >\n\t\t\t\tTov\u00e1bbi megold\u00e1sok\t\t\t<\/a>\n\t\t<\/h3>\n\t\t\t\t<div class=\"elementor-post__excerpt\">\n\t\t\t<p>\u00c1ttervez\u00e9s \u2013 Kompetenci\u00e1nk egyik f\u0151 ter\u00fclete a t\u00f6bb \u00e9ve gy\u00e1rt\u00e1sban l\u00e9v\u0151 g\u00e9pek \u00e1ttervez\u00e9se. Az \u00fcgyf\u00e9l k\u00e9nytelen \u00e1talak\u00edtania \u00e9s \u00fajraprogramozni a g\u00e9p\u00e9t, hogy ugyanazokat vagy m\u00e1s term\u00e9keket tudjon rajta gy\u00e1rtani...<\/p>\n\t\t<\/div>\n\t\t\t\t<\/div>\n\t\t\t\t\t<\/div>\n\t\t<\/article>\n\t\t\t\t<\/div>\n\t\t\n\t\t\t\t<\/div>\n\t\t\t\t<\/div>\n\t\t\t\t<div class=\"elementor-element elementor-element-7b5145b6 elementor-widget elementor-widget-spacer\" data-id=\"7b5145b6\" data-element_type=\"widget\" data-widget_type=\"spacer.default\">\n\t\t\t\t<div class=\"elementor-widget-container\">\n\t\t\t\t\t<div class=\"elementor-spacer\">\n\t\t\t<div class=\"elementor-spacer-inner\"><\/div>\n\t\t<\/div>\n\t\t\t\t<\/div>\n\t\t\t\t<\/div>\n\t\t\t\t\t<\/div>\n\t\t<\/div>\n\t\t\t\t\t<\/div>\n\t\t<\/section>\n\t\t\t\t\t<\/div>\n\t\t<\/div>\n\t\t\t\t\t<\/div>\n\t\t<\/section>\n\t\t\t\t<section class=\"elementor-section elementor-top-section elementor-element elementor-element-14e4b57 elementor-section-boxed elementor-section-height-default elementor-section-height-default\" data-id=\"14e4b57\" data-element_type=\"section\" data-settings=\"{&quot;background_background&quot;:&quot;classic&quot;,&quot;shape_divider_top&quot;:&quot;tilt&quot;}\">\n\t\t\t\t\t<div class=\"elementor-shape elementor-shape-top\" data-negative=\"false\">\n\t\t\t<svg xmlns=\"http:\/\/www.w3.org\/2000\/svg\" viewbox=\"0 0 1000 100\" preserveaspectratio=\"none\">\n\t<path class=\"elementor-shape-fill\" d=\"M0,6V0h1000v100L0,6z\"\/>\n<\/svg>\t\t<\/div>\n\t\t\t\t\t<div class=\"elementor-container elementor-column-gap-default\">\n\t\t\t\t\t<div class=\"elementor-column elementor-col-100 elementor-top-column elementor-element elementor-element-8ef9579\" data-id=\"8ef9579\" data-element_type=\"column\">\n\t\t\t<div class=\"elementor-widget-wrap elementor-element-populated\">\n\t\t\t\t\t\t<section class=\"elementor-section elementor-inner-section elementor-element elementor-element-eb65fff elementor-section-boxed elementor-section-height-default elementor-section-height-default\" data-id=\"eb65fff\" data-element_type=\"section\">\n\t\t\t\t\t\t<div class=\"elementor-container elementor-column-gap-default\">\n\t\t\t\t\t<div class=\"elementor-column elementor-col-50 elementor-inner-column elementor-element elementor-element-91d265c\" data-id=\"91d265c\" data-element_type=\"column\">\n\t\t\t<div class=\"elementor-widget-wrap elementor-element-populated\">\n\t\t\t\t\t\t<div class=\"elementor-element elementor-element-f32a21d elementor-widget elementor-widget-heading\" data-id=\"f32a21d\" data-element_type=\"widget\" data-widget_type=\"heading.default\">\n\t\t\t\t<div class=\"elementor-widget-container\">\n\t\t\t<h2 class=\"elementor-heading-title elementor-size-default\">A megfelel\u0151 megold\u00e1st keresi?<\/h2>\t\t<\/div>\n\t\t\t\t<\/div>\n\t\t\t\t<div class=\"elementor-element elementor-element-f1d89e7 elementor-widget elementor-widget-heading\" data-id=\"f1d89e7\" data-element_type=\"widget\" data-widget_type=\"heading.default\">\n\t\t\t\t<div class=\"elementor-widget-container\">\n\t\t\t<h2 class=\"elementor-heading-title elementor-size-default\">Itt vagyunk, hogy seg\u00edts\u00fcnk!<\/h2>\t\t<\/div>\n\t\t\t\t<\/div>\n\t\t\t\t<div class=\"elementor-element elementor-element-c84b1e0 elementor-widget__width-initial elementor-widget elementor-widget-qi_addons_for_elementor_button\" data-id=\"c84b1e0\" data-element_type=\"widget\" data-widget_type=\"qi_addons_for_elementor_button.default\">\n\t\t\t\t<div class=\"elementor-widget-container\">\n\t\t\t<a class=\"qodef-shortcode qodef-m  qodef-qi-button qodef-html--link qodef-layout--filled qodef-type--standard   qodef-icon--right qodef-hover--icon-move-horizontal-short\" href=\"http:\/\/www.auware.hu\/hu\/contact-us\/\" target=\"_self\">\n\t<span class=\"qodef-m-text\">L\u00e9pjen vel\u00fcnk kapcsolatba<\/span>\n\t\t<span class=\"qodef-m-icon\">\n\t\t<span class=\"qodef-m-icon-inner\">\n\t\t\t<i aria-hidden=\"true\" class=\"fas fa-arrow-right\"><\/i>\t\t\t\t\t<\/span>\n\t<\/span>\n<\/a>\n\t\t<\/div>\n\t\t\t\t<\/div>\n\t\t\t\t\t<\/div>\n\t\t<\/div>\n\t\t\t\t<div class=\"elementor-column elementor-col-50 elementor-inner-column elementor-element elementor-element-71323c3\" data-id=\"71323c3\" data-element_type=\"column\" data-settings=\"{&quot;background_background&quot;:&quot;classic&quot;}\">\n\t\t\t<div class=\"elementor-widget-wrap elementor-element-populated\">\n\t\t\t\t\t\t<div class=\"elementor-element elementor-element-9c6bc1a elementor-widget elementor-widget-image\" data-id=\"9c6bc1a\" data-element_type=\"widget\" data-widget_type=\"image.default\">\n\t\t\t\t<div class=\"elementor-widget-container\">\n\t\t\t\t\t\t\t\t\t\t\t\t\t<img loading=\"lazy\" decoding=\"async\" width=\"900\" height=\"675\" src=\"https:\/\/www.auware.hu\/wp-content\/uploads\/2022\/11\/sol-8.jpg\" class=\"attachment-full size-full wp-image-1595\" alt=\"\" srcset=\"https:\/\/www.auware.hu\/wp-content\/uploads\/2022\/11\/sol-8.jpg 900w, https:\/\/www.auware.hu\/wp-content\/uploads\/2022\/11\/sol-8-300x225.jpg 300w, https:\/\/www.auware.hu\/wp-content\/uploads\/2022\/11\/sol-8-768x576.jpg 768w\" sizes=\"(max-width: 900px) 100vw, 900px\" \/>\t\t\t\t\t\t\t\t\t\t\t\t\t<\/div>\n\t\t\t\t<\/div>\n\t\t\t\t\t<\/div>\n\t\t<\/div>\n\t\t\t\t\t<\/div>\n\t\t<\/section>\n\t\t\t\t\t<\/div>\n\t\t<\/div>\n\t\t\t\t\t<\/div>\n\t\t<\/section>\n\t\t\t\t<section class=\"elementor-section elementor-top-section elementor-element elementor-element-3dd29ef elementor-section-full_width elementor-hidden-mobile elementor-section-height-default elementor-section-height-default\" data-id=\"3dd29ef\" data-element_type=\"section\" data-settings=\"{&quot;background_background&quot;:&quot;classic&quot;}\">\n\t\t\t\t\t\t<div class=\"elementor-container elementor-column-gap-default\">\n\t\t\t\t\t<div class=\"elementor-column elementor-col-100 elementor-top-column elementor-element elementor-element-96ac683\" data-id=\"96ac683\" data-element_type=\"column\">\n\t\t\t<div class=\"elementor-widget-wrap elementor-element-populated\">\n\t\t\t\t\t\t<section class=\"elementor-section elementor-inner-section elementor-element elementor-element-5eca5de elementor-section-boxed elementor-section-height-default elementor-section-height-default\" data-id=\"5eca5de\" data-element_type=\"section\">\n\t\t\t\t\t\t<div class=\"elementor-container elementor-column-gap-default\">\n\t\t\t\t\t<div class=\"elementor-column elementor-col-100 elementor-inner-column elementor-element elementor-element-fee60a6\" data-id=\"fee60a6\" data-element_type=\"column\">\n\t\t\t<div class=\"elementor-widget-wrap elementor-element-populated\">\n\t\t\t\t\t\t<div class=\"elementor-element elementor-element-bbf2c83 elementor-widget elementor-widget-text-editor\" data-id=\"bbf2c83\" data-element_type=\"widget\" data-widget_type=\"text-editor.default\">\n\t\t\t\t<div class=\"elementor-widget-container\">\n\t\t\t\t\t\t\t<p>A legjobbakkal m\u0171k\u00f6d\u00fcnk egy\u00fctt<\/p>\t\t\t\t\t\t<\/div>\n\t\t\t\t<\/div>\n\t\t\t\t<div class=\"elementor-element elementor-element-7be4927 elementor-widget elementor-widget-spacer\" data-id=\"7be4927\" data-element_type=\"widget\" data-widget_type=\"spacer.default\">\n\t\t\t\t<div class=\"elementor-widget-container\">\n\t\t\t\t\t<div class=\"elementor-spacer\">\n\t\t\t<div class=\"elementor-spacer-inner\"><\/div>\n\t\t<\/div>\n\t\t\t\t<\/div>\n\t\t\t\t<\/div>\n\t\t\t\t\t<\/div>\n\t\t<\/div>\n\t\t\t\t\t<\/div>\n\t\t<\/section>\n\t\t\t\t\t<\/div>\n\t\t<\/div>\n\t\t\t\t\t<\/div>\n\t\t<\/section>\n\t\t\t\t<section class=\"elementor-section elementor-top-section elementor-element elementor-element-b9ab677 elementor-section-full_width elementor-hidden-mobile elementor-section-height-default elementor-section-height-default\" data-id=\"b9ab677\" data-element_type=\"section\" data-settings=\"{&quot;background_background&quot;:&quot;classic&quot;}\">\n\t\t\t\t\t\t<div class=\"elementor-container elementor-column-gap-default\">\n\t\t\t\t\t<div class=\"elementor-column elementor-col-100 elementor-top-column elementor-element elementor-element-28f1e88\" data-id=\"28f1e88\" data-element_type=\"column\">\n\t\t\t<div class=\"elementor-widget-wrap elementor-element-populated\">\n\t\t\t\t\t\t<div class=\"elementor-element elementor-element-91f6440 elementor-widget elementor-widget-qi_addons_for_elementor_clients_slider\" data-id=\"91f6440\" data-element_type=\"widget\" data-widget_type=\"qi_addons_for_elementor_clients_slider.default\">\n\t\t\t\t<div class=\"elementor-widget-container\">\n\t\t\t<div class=\"qodef-shortcode qodef-m  qodef-qi-clients-slider qodef--boxed qodef--hover-opacity   qodef-qi-grid qodef-qi-swiper-container\" data-options=\"{&quot;direction&quot;:&quot;horizontal&quot;,&quot;slidesPerView&quot;:&quot;6&quot;,&quot;spaceBetween&quot;:25,&quot;spaceBetweenTablet&quot;:30,&quot;spaceBetweenMobile&quot;:30,&quot;effect&quot;:&quot;&quot;,&quot;loop&quot;:true,&quot;autoplay&quot;:true,&quot;centeredSlides&quot;:false,&quot;speed&quot;:&quot;&quot;,&quot;speedAnimation&quot;:&quot;&quot;,&quot;outsideNavigation&quot;:&quot;no&quot;,&quot;outsidePagination&quot;:&quot;no&quot;,&quot;unique&quot;:&quot;1&quot;,&quot;partialValue&quot;:0,&quot;disablePartialValue&quot;:&quot;&quot;,&quot;parallax&quot;:&quot;no&quot;}\">\n\t<div class=\"swiper-wrapper\">\n\t\t<div class=\"qodef-e swiper-slide\">\n\t<div class=\"qodef-e-inner\">\n\t\t\t\t<div class=\"qodef-e-images-holder\">\n\t\t\t\t\t\t\t<div class=\"qodef-e-main-image\">\n\t\t\t\t\t<img loading=\"lazy\" decoding=\"async\" width=\"250\" height=\"150\" src=\"https:\/\/www.auware.hu\/wp-content\/uploads\/2022\/10\/continental.png\" class=\"attachment-full size-full\" alt=\"\" \/>\t\t\t\t<\/div>\n\t\t\t\t\t\t\t\t<\/div>\n\t\t\t\t\t\t\t<\/div>\n<\/div>\n<div class=\"qodef-e swiper-slide\">\n\t<div class=\"qodef-e-inner\">\n\t\t\t\t<div class=\"qodef-e-images-holder\">\n\t\t\t\t\t\t\t<div class=\"qodef-e-main-image\">\n\t\t\t\t\t<img loading=\"lazy\" decoding=\"async\" width=\"250\" height=\"150\" src=\"https:\/\/www.auware.hu\/wp-content\/uploads\/2022\/10\/jonas-redman.png\" class=\"attachment-full size-full\" alt=\"\" \/>\t\t\t\t<\/div>\n\t\t\t\t\t\t\t\t<\/div>\n\t\t\t\t\t\t\t<\/div>\n<\/div>\n<div class=\"qodef-e swiper-slide\">\n\t<div class=\"qodef-e-inner\">\n\t\t\t\t<div class=\"qodef-e-images-holder\">\n\t\t\t\t\t\t\t<div class=\"qodef-e-main-image\">\n\t\t\t\t\t<img loading=\"lazy\" decoding=\"async\" width=\"250\" height=\"150\" src=\"https:\/\/www.auware.hu\/wp-content\/uploads\/2022\/10\/mercedes.png\" class=\"attachment-full size-full\" alt=\"\" \/>\t\t\t\t<\/div>\n\t\t\t\t\t\t\t\t<\/div>\n\t\t\t\t\t\t\t<\/div>\n<\/div>\n<div class=\"qodef-e swiper-slide\">\n\t<div class=\"qodef-e-inner\">\n\t\t\t\t<div class=\"qodef-e-images-holder\">\n\t\t\t\t\t\t\t<div class=\"qodef-e-main-image\">\n\t\t\t\t\t<img loading=\"lazy\" decoding=\"async\" width=\"250\" height=\"150\" src=\"https:\/\/www.auware.hu\/wp-content\/uploads\/2022\/10\/mondelez.png\" class=\"attachment-full size-full\" alt=\"\" \/>\t\t\t\t<\/div>\n\t\t\t\t\t\t\t\t<\/div>\n\t\t\t\t\t\t\t<\/div>\n<\/div>\n<div class=\"qodef-e swiper-slide\">\n\t<div class=\"qodef-e-inner\">\n\t\t\t\t<div class=\"qodef-e-images-holder\">\n\t\t\t\t\t\t\t<div class=\"qodef-e-main-image\">\n\t\t\t\t\t<img loading=\"lazy\" decoding=\"async\" width=\"250\" height=\"150\" src=\"https:\/\/www.auware.hu\/wp-content\/uploads\/2022\/10\/rexroth.png\" class=\"attachment-full size-full\" alt=\"\" \/>\t\t\t\t<\/div>\n\t\t\t\t\t\t\t\t<\/div>\n\t\t\t\t\t\t\t<\/div>\n<\/div>\n<div class=\"qodef-e swiper-slide\">\n\t<div class=\"qodef-e-inner\">\n\t\t\t\t<div class=\"qodef-e-images-holder\">\n\t\t\t\t\t\t\t<div class=\"qodef-e-main-image\">\n\t\t\t\t\t<img loading=\"lazy\" decoding=\"async\" width=\"250\" height=\"150\" src=\"https:\/\/www.auware.hu\/wp-content\/uploads\/2022\/10\/tesla.png\" class=\"attachment-full size-full\" alt=\"\" \/>\t\t\t\t<\/div>\n\t\t\t\t\t\t\t\t<\/div>\n\t\t\t\t\t\t\t<\/div>\n<\/div>\n\t<\/div>\n\t<\/div>\n\t\t<\/div>\n\t\t\t\t<\/div>\n\t\t\t\t\t<\/div>\n\t\t<\/div>\n\t\t\t\t\t<\/div>\n\t\t<\/section>\n\t\t\t\t<\/div>","protected":false},"excerpt":{"rendered":"<p>Delivering exceptional consultancy end engineering services is how we help our customers to become high-perfomance producers and face challenges of Industry 4.0. Looking for the right solution? We are here to help you! Contact Us We work with the best<\/p>","protected":false},"author":2,"featured_media":0,"parent":0,"menu_order":0,"comment_status":"closed","ping_status":"closed","template":"","meta":{"footnotes":""},"class_list":["post-787","page","type-page","status-publish","hentry"],"_links":{"self":[{"href":"http:\/\/www.auware.hu\/hu\/wp-json\/wp\/v2\/pages\/787","targetHints":{"allow":["GET"]}}],"collection":[{"href":"http:\/\/www.auware.hu\/hu\/wp-json\/wp\/v2\/pages"}],"about":[{"href":"http:\/\/www.auware.hu\/hu\/wp-json\/wp\/v2\/types\/page"}],"author":[{"embeddable":true,"href":"http:\/\/www.auware.hu\/hu\/wp-json\/wp\/v2\/users\/2"}],"replies":[{"embeddable":true,"href":"http:\/\/www.auware.hu\/hu\/wp-json\/wp\/v2\/comments?post=787"}],"version-history":[{"count":79,"href":"http:\/\/www.auware.hu\/hu\/wp-json\/wp\/v2\/pages\/787\/revisions"}],"predecessor-version":[{"id":1934,"href":"http:\/\/www.auware.hu\/hu\/wp-json\/wp\/v2\/pages\/787\/revisions\/1934"}],"wp:attachment":[{"href":"http:\/\/www.auware.hu\/hu\/wp-json\/wp\/v2\/media?parent=787"}],"curies":[{"name":"wp","href":"https:\/\/api.w.org\/{rel}","templated":true}]}}